{"id":379,"date":"2022-01-18T19:23:25","date_gmt":"2022-01-18T19:23:25","guid":{"rendered":"http:\/\/rainers-wasserfloehe.de\/?page_id=379"},"modified":"2022-01-18T19:23:25","modified_gmt":"2022-01-18T19:23:25","slug":"datenschutzerklaerung","status":"publish","type":"page","link":"http:\/\/rainers-wasserfloehe.de\/?page_id=379","title":{"rendered":"Datenschutzerkl\u00e4rung"},"content":{"rendered":"<div class=\"\" style=\"\" >\n    \n    <section class=\"u-align-center u-clearfix u-section-2\" id=\"sec-c95a\">\n      <div class=\"u-clearfix u-sheet u-sheet-1\">\n        <h1 class=\"u-text u-text-default u-text-1\">Datenschutzerkl\u00e4rung<\/h1>\n        <p class=\"u-text u-text-2\">\n          <span style=\"font-weight: 700;\">Datenschutzerkl\u00e4rung:\nDatenschutz<\/span>\n          <br> Nachfolgend m\u00f6chten wir Sie \u00fcber unsere Datenschutzerkl\u00e4rung \ninformieren. Sie finden hier Informationen \u00fcber die Erhebung und \nVerwendung pers\u00f6nlicher Daten bei der Nutzung unserer Webseite. Wir \nbeachten dabei das f\u00fcr Deutschland geltende Datenschutzrecht. Sie k\u00f6nnen\n diese Erkl\u00e4rung jederzeit auf unserer Webseite abrufen.\nWir weisen ausdr\u00fccklich darauf hin, dass die Daten\u00fcbertragung im \nInternet (z.B. bei der Kommunikation per E-Mail) Sicherheitsl\u00fccken \naufweisen und nicht l\u00fcckenlos vor dem Zugriff durch Dritte gesch\u00fctzt \nwerden kann.\nDie Verwendung der Kontaktdaten unseres Impressums zur gewerblichen \nWerbung ist ausdr\u00fccklich nicht erw\u00fcnscht, es sei denn wir hatten zuvor \nunsere schriftliche Einwilligung erteilt oder es besteht bereits eine \nGesch\u00e4ftsbeziehung. Der Anbieter und alle auf dieser Website genannten \nPersonen widersprechen hiermit jeder kommerziellen Verwendung und \nWeitergabe ihrer Daten. <br>\n          <br>\n          <span style=\"font-weight: 700;\">Personenbezogene Daten<\/span>\n          <br> Sie k\u00f6nnen unsere Webseite ohne Angabe personenbezogener Daten besuchen.\n Soweit auf unseren Seiten personenbezogene Daten (wie Name, Anschrift \noder E-Mail Adresse) erhoben werden, erfolgt dies, soweit m\u00f6glich, auf \nfreiwilliger Basis. Diese Daten werden ohne Ihre ausdr\u00fcckliche \nZustimmung nicht an Dritte weitergegeben. Sofern zwischen Ihnen und uns \nein Vertragsverh\u00e4ltnis begr\u00fcndet, inhaltlich ausgestaltet oder ge\u00e4ndert \nwerden soll oder Sie an uns eine Anfrage stellen, erheben und verwenden \nwir personenbezogene Daten von Ihnen, soweit dies zu diesen Zwecken \nerforderlich ist (Bestandsdaten). Wir erheben, verarbeiten und nutzen \npersonenbezogene Daten soweit dies erforderlich ist, um Ihnen die \nInanspruchnahme des Webangebots zu erm\u00f6glichen (Nutzungsdaten). \nS\u00e4mtliche personenbezogenen Daten werden nur solange gespeichert wie \ndies f\u00fcr den genannten Zweck (Bearbeitung Ihrer Anfrage oder Abwicklung \neines Vertrags) erforderlich ist. Hierbei werden steuer- und \nhandelsrechtliche Aufbewahrungsfristen ber\u00fccksichtigt. Auf Anordnung der\n zust\u00e4ndigen Stellen d\u00fcrfen wir im Einzelfall Auskunft \u00fcber diese Daten \n(Bestandsdaten) erteilen, soweit dies f\u00fcr Zwecke der Strafverfolgung, \nzur Gefahrenabwehr, zur Erf\u00fcllung der gesetzlichen Aufgaben der \nVerfassungsschutzbeh\u00f6rden oder des Milit\u00e4rischen Abschirmdienstes oder \nzur Durchsetzung der Rechte am geistigen Eigentum erforderlich ist. <br>\n          <br>\n          <span style=\"font-weight: 700;\">Datenschutzerkl\u00e4rung f\u00fcr das Facebook-Plugin (\u201eGef\u00e4llt mir\u201c)<\/span>\n          <br> Diese Webseite nutzt Plugins des Anbieters Facebook.com, welche durch \ndas Unternehmen Facebook Inc., 1601 S. California Avenue, Palo Alto, CA \n94304 in den USA bereitgestellt werden. Nutzer unserer Webseite, auf der\n das Facebook-Plugin (\u201eGef\u00e4llt mir\u201c-Button) installiert ist, werden \nhiermit darauf hingewiesen, dass durch das Plugin eine Verbindung zu \nFacebook aufgebaut wird, wodurch eine \u00dcbermittlung an Ihren Browser \ndurchgef\u00fchrt wird, damit das Plugin auf der Webseite erscheint.<br> Des Weiteren werden durch die Nutzung Daten an die Facebook-Server \nweitergeleitet, welche Informationen \u00fcber Ihre Webseitenbesuche auf \nunserer Homepage enthalten. Dies hat f\u00fcr eingeloggte Facebook-Nutzer zur\n Folge, dass die Nutzungsdaten Ihrem pers\u00f6nlichen Facebook-Account \nzugeordnet werden.<br> Sobald Sie als eingeloggter Facebook-Nutzer aktiv das Facebook-Plugin \nnutzen (z.B. durch das Klicken auf den \u201eGef\u00e4llt mir\u201c Knopf oder die \nNutzung der Kommentarfunktion), werden diese Daten zu Ihrem \nFacebook-Account \u00fcbertragen und ver\u00f6ffentlicht. Dies k\u00f6nnen Sie nur \ndurch vorheriges Ausloggen aus Ihrem Facebook-Account umgehen.<br> Weitere Information bez\u00fcglich der Datennutzung durch Facebook entnehmen \nSie bitte den datenschutzrechtlichen Bestimmungen auf Facebook unter <a href=\"http:\/\/de-de.facebook.com\/policy.php\" rel=\"nofollow\" class=\"u-active-none u-border-none u-btn u-button-style u-hover-none u-none u-text-palette-1-base u-btn-1\">http:\/\/de-de.facebook.com\/policy.php<\/a>.\nDatenschutzerkl\u00e4rung f\u00fcr den Webanalysedienst <span style=\"font-weight: 700;\">\n            <br>\n            <br>Google Analytics\n          <\/span>\n          <br> Diese Website benutzt Google Analytics, einen Webanalysedienst der \nGoogle Inc. (\u201eGoogle\u201c). Google Analytics verwendet sog. \u201eCookies\u201c, \nTextdateien, die auf Ihrem Computer gespeichert werden und die eine \nAnalyse der Benutzung der Website durch Sie erm\u00f6glichen. Die durch den \nCookie erzeugten Informationen \u00fcber Ihre Benutzung dieser Website werden\n in der Regel an einen Server von Google in den USA \u00fcbertragen und dort \ngespeichert. Wir haben die IP-Anonymisierung aktiviert. Auf dieser \nWebseite wird Ihre IP-Adresse von Google daher innerhalb von \nMitgliedstaaten der Europ\u00e4ischen Union oder in anderen Vertragsstaaten \ndes Abkommens \u00fcber den Europ\u00e4ischen Wirtschaftsraum zuvor gek\u00fcrzt. Nur \nin Ausnahmef\u00e4llen wird die volle IP-Adresse an einen Server von Google \nin den USA \u00fcbertragen und dort gek\u00fcrzt. Im Auftrag des Betreibers dieser\n Website wird Google diese Informationen benutzen, um Ihre Nutzung der \nWebsite auszuwerten, um Reports \u00fcber die Websiteaktivit\u00e4ten \nzusammenzustellen und um weitere mit der Websitenutzung und der \nInternetnutzung verbundene Dienstleistungen gegen\u00fcber dem \nWebsitebetreiber zu erbringen. Die im Rahmen von Google Analytics von \nIhrem Browser \u00fcbermittelte IP-Adresse wird nicht mit anderen Daten von \nGoogle zusammengef\u00fchrt. Sie k\u00f6nnen die Speicherung der Cookies durch \neine entsprechende Einstellung Ihrer Browser-Software verhindern; wir \nweisen Sie jedoch darauf hin, dass Sie in diesem Fall gegebenenfalls \nnicht s\u00e4mtliche Funktionen dieser Website vollumf\u00e4nglich werden nutzen \nk\u00f6nnen. Sie k\u00f6nnen dar\u00fcber hinaus die Erfassung der durch das Cookie \nerzeugten und auf Ihre Nutzung der Website bezogenen Daten (inkl. Ihrer \nIP-Adresse) an Google sowie die Verarbeitung dieser Daten durch Google \nverhindern, indem sie das unter dem folgenden Link verf\u00fcgbare \nBrowser-Plugin herunterladen und installieren: <a href=\"http:\/\/tools.google.com\/dlpage\/gaoptout?hl=de\" rel=\"nofollow\" class=\"u-active-none u-border-none u-btn u-button-style u-hover-none u-none u-text-palette-1-base u-btn-2\">http:\/\/tools.google.com\/dlpage\/gaoptout?hl=de<\/a> Datenschutzerkl\u00e4rung f\u00fcr das soziale <br>\n          <br>\n          <span style=\"font-weight: 700;\">Netzwerk Google Plus<\/span>\n          <br> Diese Webseite verwendet die sog. \u201eG +1\u201c-Schaltfl\u00e4che des sozialen \nNetzwerkes Google Plus, welches von der Google Inc., 1600 Amphitheatre \nParkway, Mountain View, CA 94043, United States betrieben wird \n(\u201eGoogle\u201c). Die Schaltfl\u00e4che ist an dem Zeichen \u201eG +1\u201c zu erkennen. Wenn\n Sie bei Google Plus registriert sind, k\u00f6nnen Sie mit der \u201eG +1\u201c \nSchaltfl\u00e4che Ihr Interesse an unserer Webseite ausdr\u00fccken und Inhalte \nvon unserer Webseite auf Google Plus teilen. In dem Falle speichert \nGoogle sowohl die Information, dass Sie f\u00fcr einen unserer Inhalte ein \u201eG\n +1\u201c gegeben haben, als auch Informationen \u00fcber die Seite, die Sie dabei\n angesehen haben. Ihre \u201eG +1\u201c k\u00f6nnen m\u00f6glicherweise zusammen mit Ihrem \nNamen (ggf. auch mit Foto \u2013 soweit vorhanden) bei Google Plus in \nweiteren Google-Diensten, wie der Google Suche oder Ihrem Google-Profil,\n eingeblendet werden.<br> Zweck und Umfang der Datenerhebung und die weitere Verarbeitung und \nNutzung der Daten durch Google sowie Ihre diesbez\u00fcglichen Rechte und \nEinstellungsm\u00f6glichkeiten zum Schutz Ihrer Privatsph\u00e4re entnehmen Sie \nbitte Googles Datenschutzhinweisen:<br>\n          <a href=\"https:\/\/www.google.com\/intl\/de\/policies\/privacy\/\" rel=\"nofollow\" class=\"u-active-none u-border-none u-btn u-button-style u-hover-none u-none u-text-palette-1-base u-btn-3\">https:\/\/www.google.com\/intl\/de\/policies\/privacy\/<\/a> Auskunftsrecht<br> Sie haben das jederzeitige Recht, sich unentgeltlich und unverz\u00fcglich \n\u00fcber die zu Ihrer Person erhobenen Daten zu erkundigen. Sie haben das \njederzeitige Recht, Ihre Zustimmung zur Verwendung Ihrer angegeben \npers\u00f6nlichen Daten mit Wirkung f\u00fcr die Zukunft zu widerrufen. Zur \nAuskunftserteilung wenden Sie sich bitte an den Anbieter unter den \nKontaktdaten im Impressum.\nQuelle: <a href=\"http:\/\/www.juraforum.de\" class=\"u-active-none u-border-none u-btn u-button-style u-hover-none u-none u-text-palette-1-base u-btn-4\">www.juraforum.de<\/a>\n        <\/p>\n      <\/div>\n    <\/section>\n    \n    \n  \n<\/div>","protected":false},"excerpt":{"rendered":"<p>Datenschutzerkl\u00e4rung Datenschutzerkl\u00e4rung: Datenschutz Nachfolgend m\u00f6chten wir Sie \u00fcber unsere Datenschutzerkl\u00e4rung informieren. Sie finden hier Informationen \u00fcber die Erhebung und Verwendung pers\u00f6nlicher Daten bei der Nutzung unserer Webseite. Wir beachten dabei das f\u00fcr Deutschland geltende Datenschutzrecht. Sie k\u00f6nnen diese Erkl\u00e4rung jederzeit auf unserer Webseite abrufen. Wir weisen ausdr\u00fccklich darauf hin, dass die Daten\u00fcbertragung im Internet (z.B. &hellip; <a href=\"http:\/\/rainers-wasserfloehe.de\/?page_id=379\" class=\"more-link\">Continue reading<span class=\"screen-reader-text\"> &#8222;Datenschutzerkl\u00e4rung&#8220;<\/span><\/a><\/p>\n","protected":false},"author":1,"featured_media":0,"parent":0,"menu_order":0,"comment_status":"closed","ping_status":"closed","template":"","meta":{"footnotes":""},"class_list":["post-379","page","type-page","status-publish","hentry"],"_links":{"self":[{"href":"http:\/\/rainers-wasserfloehe.de\/index.php?rest_route=\/wp\/v2\/pages\/379","targetHints":{"allow":["GET"]}}],"collection":[{"href":"http:\/\/rainers-wasserfloehe.de\/index.php?rest_route=\/wp\/v2\/pages"}],"about":[{"href":"http:\/\/rainers-wasserfloehe.de\/index.php?rest_route=\/wp\/v2\/types\/page"}],"author":[{"embeddable":true,"href":"http:\/\/rainers-wasserfloehe.de\/index.php?rest_route=\/wp\/v2\/users\/1"}],"replies":[{"embeddable":true,"href":"http:\/\/rainers-wasserfloehe.de\/index.php?rest_route=%2Fwp%2Fv2%2Fcomments&post=379"}],"version-history":[{"count":3,"href":"http:\/\/rainers-wasserfloehe.de\/index.php?rest_route=\/wp\/v2\/pages\/379\/revisions"}],"predecessor-version":[{"id":402,"href":"http:\/\/rainers-wasserfloehe.de\/index.php?rest_route=\/wp\/v2\/pages\/379\/revisions\/402"}],"wp:attachment":[{"href":"http:\/\/rainers-wasserfloehe.de\/index.php?rest_route=%2Fwp%2Fv2%2Fmedia&parent=379"}],"curies":[{"name":"wp","href":"https:\/\/api.w.org\/{rel}","templated":true}]}}