{"id":285,"date":"2019-09-05T19:40:17","date_gmt":"2019-09-05T19:40:17","guid":{"rendered":"http:\/\/rainers-wasserfloehe.de\/?page_id=285"},"modified":"2022-01-18T19:01:23","modified_gmt":"2022-01-18T19:01:23","slug":"agb","status":"publish","type":"page","link":"http:\/\/rainers-wasserfloehe.de\/?page_id=285","title":{"rendered":"AGB"},"content":{"rendered":"<div class=\"nicepage-container\"><div class=\"\" style=\"\" >        <script>\n            (function ($) {\n                var ResponsiveCms = window.ResponsiveCms;\n                if (!ResponsiveCms) {\n                    return;\n                }\n                ResponsiveCms.contentDom = $('script:last').parent();\n                ResponsiveCms.prevMode = \"LG\";\n\n                if (typeof ResponsiveCms.recalcClasses === 'function') {\n                    ResponsiveCms.recalcClasses();\n                }\n            })(jQuery);\n        <\/script>\n        \n    \n    <section class=\"u-clearfix u-section-2\" id=\"sec-faff\">\n      <div class=\"u-clearfix u-sheet u-sheet-1\">\n        <div class=\"u-align-center u-container-style u-group u-group-1\">\n          <div class=\"u-container-layout u-valign-top u-container-layout-1\">\n            <h2 class=\"u-text u-text-1\">AGB<\/h2>\n            <p class=\"u-text u-text-2\">\u00a7 Allgemeine Gesch\u00e4ftsbedingungen\u00a7<br>&nbsp; Schwimmschule Wasserfl\u00f6he<br> Inhaber Rainer M\u00fcller, Weinbergstr. 8, 96231 Bad Staffelstein&nbsp; &nbsp;&nbsp;<br>\n              <br>\u00a7 1. Anmeldung und Vertragsabschluss \/ Widerrufsrecht&nbsp;<br>Anmeldungen\n                        zum Schwimmkurs k\u00f6nnen schriftlich, per online Anmeldeformular, telefonisch oder auch pers\u00f6nlich erfolgen und sind verbindlich. Zu jedem Kurs werden nur maximal 6 - 11 Personen aufgenommen. Durch Abgabe eines unterschriebenen (nur\n                        bei schriftlichen Anmeldeantrag) Anmeldeformulars wird die Teilnahme am Schwimmkurs rechtlich verbindlich. Wird die Teilnahme an einem Schwimmkurs trotz schriftlicher, m\u00fcndlicher oder auch pers\u00f6nlicher Anmeldung nicht wahrgenommen,\n                        so wird in jedem Fall 50% des Kurspreises f\u00e4llig. Die Eltern erhalten f\u00fcr die Anmeldung ein Anmeldeformular, Haftungs- und Einverst\u00e4ndniserkl\u00e4rung zum Schwimmkurs.&nbsp;<br>\n              <br>\u00a71a. Online Anmeldeformular&nbsp;<br>Mit dem Absenden\n                        des online Anmeldungsformulars gehe ich einen rechtlich bindenden Vertrag mit der Schwimmschule Wasserfl\u00f6he, Inhaber Rainer M\u00fcller, ein. Sie k\u00f6nnen Ihre online Anmeldung innerhalb von zwei Wochen ohne Angabe von Gr\u00fcnden in Schriftform\n                        (per Einschreibebrief) widerrufen. Die Frist beginnt mit Absenden der online Anmeldung. Zur Wahrung der Widerrufsfrist gen\u00fcgt die rechtzeitige Absendung des Widerrufs, es gilt der Poststempel. Der Widerruf ist zu richten an: Schwimmschule\n                        Wasserfl\u00f6he; Weinbergstr. 8; 96231 Bad Staffelstein. Die auf dem online Anmeldeformular angegebenen Daten werden f\u00fcr betriebsinterne Zwecke in der EDV gespeichert. Wir versichern, dass wir Ihre Daten nur f\u00fcr interne Zwecke nutzen\n                        und sie keinem Dritten zug\u00e4nglich machen.&nbsp; <br>\n              <br>\u00a71b. Widerrufsrecht&nbsp;<br>Sie k\u00f6nnen Ihre Anmeldung innerhalb von zwei Wochen ohne Angabe von Gr\u00fcnden in Schriftform (per Einschreibebrief) widerrufen. Die Frist beginnt mit Abgabe der Anmeldung. Zur Wahrung der Widerrufsfrist\n                        gen\u00fcgt die rechtzeitige Absendung des Widerrufs, es gilt der Poststempel. Der Widerruf ist zu richten an:&nbsp;<br>Schwimmschule Wasserfl\u00f6he; Weinbergstr. 8; 96231 Bad Staffelstein.&nbsp; <br>Ein Widerrufsrecht erlischt vorzeitig, wenn die Schwimmschule Wasserfl\u00f6he, als Ihr Vertragspartner mit der Ausf\u00fchrung der Dienstleistung mit Ihrer ausdr\u00fccklichen Zustimmung vor Ende der Widerrufsfrist begonnen hat oder Sie\n                        diese selbst veranlasst haben.&nbsp; &nbsp;&nbsp;<br>\n              <br>\u00a72 Zahlungsbedingungen&nbsp;<br>Die jeweils f\u00e4llige Kursgeb\u00fchr ist grunds\u00e4tzlich in bar vor Beginn des Kurses f\u00e4llig. Der Betrag kann auch zu Beginn der ersten Unterrichtsstunde\n                        in bar erfolgen. Wird ein Schwimmkurs erst innerhalb 7 Tage vor Kursbeginn abgesagt, so ist in jedem Falle die volle Kursgeb\u00fchr f\u00fcr einen fest gebuchten Kursplatz f\u00e4llig und zahlbar. Ausnahmen sind, eine Erkrankung des Teilnehmers.\n                        Der Teilnehmer wird in einen Kurs nach der Erkrankung aufgenommen. Die Absage eines Kursplatzes gegen\u00fcber der Schwimmschule hat immer in schriftlicher Form zu erfolgen. Siehe \u00a7 1.b. Widerrufsrecht.&nbsp; &nbsp;&nbsp;<br>\n              <br>\u00a7 3\n                        Nichterscheinen oder Erkrankung des Teilnehmers&nbsp;<br>Die Schwimmschule ist nicht verpflichtet, bei nicht gemeldeter Krankheit oder unentschuldigtem Nichterscheinen zum Schwimmkurs, die Kursgeb\u00fchr zur\u00fcckzuerstatten und die fehlenden\n                        Unterrichtsstunden nachzuholen. Es k\u00f6nnen bei freien Kurspl\u00e4tzen in anderen Gruppen max. bis zu 2 Kurstagen nachgeholt werden. Krankmeldungen m\u00fcssen sp\u00e4testens am Abend vor dem n\u00e4chsten Kurstag erfolgen. Bei nachgewiesener Krankheit\n                        (mit \u00e4rztlichem Attest) k\u00f6nnen bei einem Ausfall von mehr als 4 Kurstagen die Kurstage gutgeschrieben und bei einem Folgekurs angerechnet werden. Diese Gutschrift hat eine G\u00fcltigkeit von max. 1 Jahr. Diese Regelungen gelten auch\n                        f\u00fcr Einzelunterricht.&nbsp; &nbsp;&nbsp;<br>\n              <br>\u00a7 4 Kursausfall durch die Schwimmschule&nbsp;<br>Bei einem Kursausfall durch die Schwimmschule (z. B. betriebliche Konflikte oder Krankheit des Schwimmlehrers) hat der Teilnehmer\n                        keinen Anspruch auf R\u00fcckzahlung des Kursbeitrages oder einen Schadensersatzanspruch. Die Kursdauer des Vertrages verl\u00e4ngert sich lediglich um die Dauer des Kursausfalles.&nbsp; &nbsp;&nbsp;<br>\n              <br>\u00a7 5 Versicherungsschutz und Haftung&nbsp;<br>F\u00fcr\n                        die Teilnehmer am Schwimmkurs besteht ein Versicherungsschutz durch eine Betriebs-haftpflichtversicherung. F\u00fcr Verletzungen und Unf\u00e4lle sowie Sch\u00e4den an anderen Bade-g\u00e4sten und Einrichtungsgegenst\u00e4nden des Hallenbades vor Beginn\n                        und nach Ende des Kurses \u00fcbernimmt die Schwimmschule keine Haftung. Die Haftung liegt bei den Teil-nehmern bzw. f\u00fcr die Kinder \u00fcbernehmen hier ausschlie\u00dflich die Eltern die Haftung. Die Schwimmschule \u00fcbernimmt keine Haftung f\u00fcr\n                        Sch\u00e4den und Verletzungen, die ein Kursteilnehmer vor oder nach Beginn des Kurses erleidet. Die Aufsichtspflicht des Schwimmlehrers begrenzt sich lediglich auf die angesetzte Kurszeit des Schwimmkurses. Vor Beginn und nach Ende\n                        der Kurszeit \u00fcbernimmt die Schwimmschule keine Verantwortung und Haftung f\u00fcr die Schwimmkursteilnehmer. Die Elter bzw. Begleitpersonen m\u00fcssen die Kinder pers\u00f6nlich ins Schwimmbad begleiten und bis zum Kursbeginn beaufsichtigen.\n                        Die Kinder sind am Ende des Kurses p\u00fcnktlich abzuholen. Eine Aufsicht der Kinder vor Beginn und nach Ende der Kurszeit durch den Schwimmlehrer ist nicht m\u00f6glich. Die Kursteilnehmer, Eltern oder Begleitpersonen betreten und nutzen\n                        das Hallenbad auf eigene Gefahr. Eine Begleitung der Kinder in die Duschen oder Umkleider\u00e4ume vor Beginn und nach Ende des Kurses durch den Schwimmlehrer ist nicht m\u00f6glich.&nbsp; &nbsp;&nbsp;<br>\n              <br>\u00a76 Einverst\u00e4ndniserkl\u00e4rung und\n                        Gesundheit&nbsp; <br>Vor Beginn des Kurses haben die Eltern eine Einverst\u00e4ndniserkl\u00e4rung f\u00fcr die Teilnahmeihrer Kinder unter 18 Jahren am Schwimmkurs unterschrieben bei der Schwimmschule, sp\u00e4testens zu Beginn der ersten Unterrichtsstunde, abzugeben.\n                        Hiermit wird die Beachtung\/Kenntnisnahme des \u00a75 schriftlich best\u00e4tigt. Die Schwimmschule gibt zu beachten, dass die Kursteilnehmer bei Antritt des Schwimmkurses sportgesund sein m\u00fcssen. Eine \u00e4rztliche Untersuchung vor Beginn des\n                        Kurses wird durch die Schwimmschule nicht verlangt. Mit Abgabe des Anmeldeformulars m\u00fcssen gesundheitliche Einschr\u00e4nkungen, der Schwimmschule zur Kenntnis gegeben werden. Zugleich erfolgt eine schriftliche Best\u00e4tigung, dass die\n                        Teilnehmer keine schwerwiegenden Krankheiten (z. B. Organsch\u00e4den, Ohren-\/Augenbeschwerden oder ansteckende Infektionskrankheiten) haben und in gesundem Zustand den Schwimmkurs besuchen.&nbsp;<br>\n              <br>&nbsp; &nbsp;\u00a77 Verhalten im\n                        Hallenschwimmbad \/ Ausschluss aus dem Schwimmkurs&nbsp; <br>Den Weisungen der Schwimmschule, die zum Schutz und Sicherung der k\u00f6rperlichen Gesundheit der Teilnehmer, sowie anderer Badeg\u00e4ste notwendig sind, ist ausnahmslos Folge zu leisten. Alle Kursteilnehmer sind verpflichtet sich\n                        an die g\u00fcltige Hausordnung des jeweiligen Schwimmbades zu halten. Diese h\u00e4ngen in allen Schwimmb\u00e4dern leserlich aus. Weisungen des Personals im Hallenbad sind in jedem Falle Folge zu leisten. Die Schwimmschule beh\u00e4lt sich vor,\n                        Kursteilnehmer, die sich nicht an die Weisungen des Schwimmlehrers halten, vom Schwimmkurs auszuschlie\u00dfen. Bei grob fahrl\u00e4ssigen Verst\u00f6\u00dfen gegen allgemein verbindliche Verhaltensregeln, k\u00f6nnen Kursteilnehmer vom Schwimmkursausgeschlossen\n                        werden. Eine R\u00fcckerstattung der Kursgeb\u00fchren erfolgt in beiden F\u00e4llen nicht. Die Kursteilnehmer unterliegen von Beginn bis Ende der Kursstunde den Weisungen des Schwimmlehrers.&nbsp; &nbsp;&nbsp;<br>\n              <br>\u00a78 Ferien Urlaubsregelung\n                        und R\u00fccktritt der Schwimmschule&nbsp;<br>Soweit m\u00f6glich werden Ferien- und Urlaubsregelungen ber\u00fccksichtigt. Die Schwimmschule hat die M\u00f6glichkeit, bei Ausfall durch Krankheit, kurzfristiger Bad-schlie\u00dfung oder nicht erreichter\n                        Mindestteilnehmerzahl, vom Vertrag zur\u00fcckzutreten. In solchen F\u00e4llen werden bereits geleistete Zahlungen f\u00fcr nicht erbrachte Unterrichts-einheiten zur\u00fcckerstattet. Anspr\u00fcche gegen die Schwimmschule oder das jeweilige Hallenbad\n                        sind ausgeschlossen&nbsp; &nbsp;&nbsp;<br>\n              <br>\u00a79 Film und Fotoaufnahmen, Ver\u00f6ffentlichung im Internet&nbsp;<br>Erstellte Film- und Fotoaufnahmen k\u00f6nnen zum Zwecke der \u00d6ffentlichkeitsarbeit oder Werbema\u00dfnahmen durch die Schwimmschule\n                        im Internet oder der Tageszeitung ver\u00f6ffentlicht werden. Im Internet werden grunds\u00e4tzlich Gesichter von Personen die nicht zur Schwimmschule Wasserfl\u00f6he geh\u00f6ren unkenntlich gemacht. Es sei denn die betreffenden Personen widersprechen\n                        schriftlich dieser Regelung.<br>\n              <br>&nbsp; \u00a7 Gerichtsstandort Lichtenfels \n            <\/p>\n          <\/div>\n        <\/div>\n      <\/div>\n    <\/section>\n    \n    \n  \n<\/div><\/div>","protected":false},"excerpt":{"rendered":"<p>AGB \u00a7 Allgemeine Gesch\u00e4ftsbedingungen\u00a7&nbsp; Schwimmschule Wasserfl\u00f6he Inhaber Rainer M\u00fcller, Weinbergstr. 8, 96231 Bad Staffelstein&nbsp; &nbsp;&nbsp; \u00a7 1. Anmeldung und Vertragsabschluss \/ Widerrufsrecht&nbsp;Anmeldungen zum Schwimmkurs k\u00f6nnen schriftlich, per online Anmeldeformular, telefonisch oder auch pers\u00f6nlich erfolgen und sind verbindlich. Zu jedem Kurs werden nur maximal 6 &#8211; 11 Personen aufgenommen. Durch Abgabe eines unterschriebenen (nur bei schriftlichen &hellip; <a href=\"http:\/\/rainers-wasserfloehe.de\/?page_id=285\" class=\"more-link\">Continue reading<span class=\"screen-reader-text\"> &#8222;AGB&#8220;<\/span><\/a><\/p>\n","protected":false},"author":1,"featured_media":0,"parent":0,"menu_order":3,"comment_status":"closed","ping_status":"closed","template":"","meta":{"footnotes":""},"class_list":["post-285","page","type-page","status-publish","hentry"],"_links":{"self":[{"href":"http:\/\/rainers-wasserfloehe.de\/index.php?rest_route=\/wp\/v2\/pages\/285","targetHints":{"allow":["GET"]}}],"collection":[{"href":"http:\/\/rainers-wasserfloehe.de\/index.php?rest_route=\/wp\/v2\/pages"}],"about":[{"href":"http:\/\/rainers-wasserfloehe.de\/index.php?rest_route=\/wp\/v2\/types\/page"}],"author":[{"embeddable":true,"href":"http:\/\/rainers-wasserfloehe.de\/index.php?rest_route=\/wp\/v2\/users\/1"}],"replies":[{"embeddable":true,"href":"http:\/\/rainers-wasserfloehe.de\/index.php?rest_route=%2Fwp%2Fv2%2Fcomments&post=285"}],"version-history":[{"count":2,"href":"http:\/\/rainers-wasserfloehe.de\/index.php?rest_route=\/wp\/v2\/pages\/285\/revisions"}],"predecessor-version":[{"id":375,"href":"http:\/\/rainers-wasserfloehe.de\/index.php?rest_route=\/wp\/v2\/pages\/285\/revisions\/375"}],"wp:attachment":[{"href":"http:\/\/rainers-wasserfloehe.de\/index.php?rest_route=%2Fwp%2Fv2%2Fmedia&parent=285"}],"curies":[{"name":"wp","href":"https:\/\/api.w.org\/{rel}","templated":true}]}}